{"id":274,"date":"2018-09-02T15:52:54","date_gmt":"2018-09-02T12:52:54","guid":{"rendered":"http:\/\/dsm-platform.com\/?page_id=274"},"modified":"2020-11-13T11:20:19","modified_gmt":"2020-11-13T08:20:19","slug":"iletisim","status":"publish","type":"page","link":"https:\/\/dsm-platform.com\/index.php\/iletisim\/","title":{"rendered":"<strong>\u0130LET\u0130\u015e\u0130M<\/strong>"},"content":{"rendered":"<div id=\"pl-274\"  class=\"panel-layout\" ><div id=\"pg-274-0\"  class=\"panel-grid panel-no-style\" ><div id=\"pgc-274-0-0\"  class=\"panel-grid-cell\" ><div id=\"panel-274-0-0-0\" class=\"so-panel widget widget_text panel-first-child\" data-index=\"0\" >\t\t\t<div class=\"textwidget\"><p><center><\/p>\n<h4 class=\"service-title-wrap\">0262 233 61 61<br \/>\n0532 171 81 61<br \/>\ninfo@dsm-platform.com<br \/>\nGaziler Mahallesi Iss\u0131kg\u00f6l Caddesi No:138 Ofis No:42 (G\u00f6k\u00e7e Vizyon Plaza) Gebze\/KOCAEL\u0130<\/h4>\n<p><\/center><\/p>\n<\/div>\n\t\t<\/div><div id=\"panel-274-0-0-1\" class=\"widget_text so-panel widget widget_custom_html panel-last-child\" data-index=\"1\" ><div class=\"textwidget custom-html-widget\"><iframe src=\"https:\/\/www.google.com\/maps\/embed?pb=!1m18!1m12!1m3!1d2104.5648469093676!2d29.41585749411901!3d40.81488291089027!2m3!1f0!2f0!3f0!3m2!1i1024!2i768!4f13.1!3m3!1m2!1s0x14cadf6032b2e463%3A0x10d83ccb1bc2c089!2zR8O2a8OnZSBWaXp5b24!5e0!3m2!1str!2str!4v1605255556089!5m2!1str!2str\" width=\"1140\" height=\"450\" frameborder=\"0\" style=\"border:0;\" allowfullscreen=\"\" aria-hidden=\"false\" tabindex=\"0\"><\/iframe><\/div><\/div><\/div><\/div><\/div>","protected":false},"excerpt":{"rendered":"<p>0262 233 61 61 0532 171 81 61 info@dsm-platform.com Gaziler Mahallesi Iss\u0131kg\u00f6l Caddesi No:138 Ofis No:42 (G\u00f6k\u00e7e Vizyon Plaza) Gebze\/KOCAEL\u0130<\/p>\n","protected":false},"author":1,"featured_media":0,"parent":0,"menu_order":0,"comment_status":"closed","ping_status":"closed","template":"page-templates\/full-width.php","meta":[],"_links":{"self":[{"href":"https:\/\/dsm-platform.com\/index.php\/wp-json\/wp\/v2\/pages\/274"}],"collection":[{"href":"https:\/\/dsm-platform.com\/index.php\/wp-json\/wp\/v2\/pages"}],"about":[{"href":"https:\/\/dsm-platform.com\/index.php\/wp-json\/wp\/v2\/types\/page"}],"author":[{"embeddable":true,"href":"https:\/\/dsm-platform.com\/index.php\/wp-json\/wp\/v2\/users\/1"}],"replies":[{"embeddable":true,"href":"https:\/\/dsm-platform.com\/index.php\/wp-json\/wp\/v2\/comments?post=274"}],"version-history":[{"count":39,"href":"https:\/\/dsm-platform.com\/index.php\/wp-json\/wp\/v2\/pages\/274\/revisions"}],"predecessor-version":[{"id":1090,"href":"https:\/\/dsm-platform.com\/index.php\/wp-json\/wp\/v2\/pages\/274\/revisions\/1090"}],"wp:attachment":[{"href":"https:\/\/dsm-platform.com\/index.php\/wp-json\/wp\/v2\/media?parent=274"}],"curies":[{"name":"wp","href":"https:\/\/api.w.org\/{rel}","templated":true}]}}